{"id":13358,"date":"2025-06-09T07:28:09","date_gmt":"2025-06-09T07:28:09","guid":{"rendered":"https:\/\/frauenschuh-projectconsulting.com\/?page_id=13358"},"modified":"2026-03-29T12:39:33","modified_gmt":"2026-03-29T12:39:33","slug":"references","status":"publish","type":"page","link":"https:\/\/frauenschuh-projectconsulting.com\/de\/references\/","title":{"rendered":"Referenzen"},"content":{"rendered":"<div data-elementor-type=\"wp-page\" data-elementor-id=\"13358\" class=\"elementor elementor-13358\">\n\t\t\t\t\t\t<section class=\"elementor-section elementor-top-section elementor-element elementor-element-x4d2lym elementor-section-boxed elementor-section-height-default elementor-section-height-default\" data-id=\"x4d2lym\" data-element_type=\"section\" data-e-type=\"section\" data-settings=\"{&quot;background_background&quot;:&quot;classic&quot;}\">\n\t\t\t\t\t\t<div class=\"elementor-container elementor-column-gap-default\">\n\t\t\t\t\t<div class=\"elementor-column elementor-col-50 elementor-top-column elementor-element elementor-element-9abba43\" data-id=\"9abba43\" data-element_type=\"column\" data-e-type=\"column\" data-settings=\"{&quot;background_background&quot;:&quot;classic&quot;}\">\n\t\t\t<div class=\"elementor-widget-wrap elementor-element-populated\">\n\t\t\t\t\t<div class=\"elementor-background-overlay\"><\/div>\n\t\t\t\t\t\t<div class=\"elementor-element elementor-element-ea8b257 elementor-widget elementor-widget-image\" data-id=\"ea8b257\" data-element_type=\"widget\" data-e-type=\"widget\" data-widget_type=\"image.default\">\n\t\t\t\t<div class=\"elementor-widget-container\">\n\t\t\t\t\t\t\t\t\t\t\t\t\t\t\t<img fetchpriority=\"high\" decoding=\"async\" width=\"683\" height=\"1024\" src=\"https:\/\/frauenschuh-projectconsulting.com\/wp-content\/uploads\/2024\/12\/pc_bfrauenschuh-23-683x1024.jpg\" class=\"attachment-large size-large wp-image-13277\" alt=\"\" srcset=\"https:\/\/frauenschuh-projectconsulting.com\/wp-content\/uploads\/2024\/12\/pc_bfrauenschuh-23-683x1024.jpg 683w, https:\/\/frauenschuh-projectconsulting.com\/wp-content\/uploads\/2024\/12\/pc_bfrauenschuh-23-200x300.jpg 200w, https:\/\/frauenschuh-projectconsulting.com\/wp-content\/uploads\/2024\/12\/pc_bfrauenschuh-23-768x1152.jpg 768w, https:\/\/frauenschuh-projectconsulting.com\/wp-content\/uploads\/2024\/12\/pc_bfrauenschuh-23-1024x1536.jpg 1024w, https:\/\/frauenschuh-projectconsulting.com\/wp-content\/uploads\/2024\/12\/pc_bfrauenschuh-23-scaled.jpg 1707w\" sizes=\"(max-width: 683px) 100vw, 683px\" \/>\t\t\t\t\t\t\t\t\t\t\t\t\t\t\t<\/div>\n\t\t\t\t<\/div>\n\t\t\t\t\t<\/div>\n\t\t<\/div>\n\t\t\t\t<div class=\"elementor-column elementor-col-50 elementor-top-column elementor-element elementor-element-f088365\" data-id=\"f088365\" data-element_type=\"column\" data-e-type=\"column\" data-settings=\"{&quot;background_background&quot;:&quot;classic&quot;}\">\n\t\t\t<div class=\"elementor-widget-wrap elementor-element-populated\">\n\t\t\t\t\t\t<div class=\"elementor-element elementor-element-e7d1eaf elementor-widget elementor-widget-heading\" data-id=\"e7d1eaf\" data-element_type=\"widget\" data-e-type=\"widget\" data-widget_type=\"heading.default\">\n\t\t\t\t<div class=\"elementor-widget-container\">\n\t\t\t\t\t<h2 class=\"elementor-heading-title elementor-size-default\">Referenzen<\/h2>\t\t\t\t<\/div>\n\t\t\t\t<\/div>\n\t\t\t\t<div class=\"elementor-element elementor-element-01dd3f1 elementor-widget elementor-widget-text-editor\" data-id=\"01dd3f1\" data-element_type=\"widget\" data-e-type=\"widget\" data-widget_type=\"text-editor.default\">\n\t\t\t\t<div class=\"elementor-widget-container\">\n\t\t\t\t\t\t\t\t\t<blockquote><p>\"Bei Frauenschuh Project Consulting legen wir gro\u00dfen Wert darauf, ma\u00dfgeschneiderte und erstklassige Dienstleistungen anzubieten. Mit unserer Leidenschaft f\u00fcr Professionalit\u00e4t, Verl\u00e4sslichkeit und Innovation setzen wir alles daran, die Erwartungen unserer Kunden nicht nur zu erf\u00fcllen, sondern zu \u00fcbertreffen.<\/p><p>Durch die konsequente Weiterentwicklung unserer Leistungen gew\u00e4hrleisten wir exzellente Ergebnisse. Ob im Projektmanagement oder in der strategischen Beratung, wir liefern echten Mehrwert.\"<\/p><p><em>Bernhard Frauenschuh, Gesch\u00e4ftsf\u00fchrer<\/em><\/p><\/blockquote>\t\t\t\t\t\t\t\t<\/div>\n\t\t\t\t<\/div>\n\t\t\t\t\t<\/div>\n\t\t<\/div>\n\t\t\t\t\t<\/div>\n\t\t<\/section>\n\t\t<div class=\"elementor-element elementor-element-d0fa019 e-flex e-con-boxed e-con e-parent\" data-id=\"d0fa019\" data-element_type=\"container\" data-e-type=\"container\" data-settings=\"{&quot;background_background&quot;:&quot;classic&quot;}\">\n\t\t\t\t\t<div class=\"e-con-inner\">\n\t\t<div class=\"elementor-element elementor-element-6a80687 e-grid e-con-full e-con e-child\" data-id=\"6a80687\" data-element_type=\"container\" data-e-type=\"container\">\n\t\t\t\t<div class=\"elementor-element elementor-element-3c7cc89 elementor-widget elementor-widget-text-editor\" data-id=\"3c7cc89\" data-element_type=\"widget\" data-e-type=\"widget\" data-widget_type=\"text-editor.default\">\n\t\t\t\t<div class=\"elementor-widget-container\">\n\t\t\t\t\t\t\t\t\t<h4><span style=\"color: #a3aaae;\"><img decoding=\"async\" class=\"wp-image-12183 alignnone\" src=\"https:\/\/frauenschuh-projectconsulting.com\/wp-content\/uploads\/2024\/07\/Original-on-transparent-favicon.svg\" alt=\"\" width=\"36\" height=\"36\"><\/span>Formulation &amp; Filling Facility<\/h4><div><br><\/div>\n<ul>\n<li><strong>Branche<\/strong><br>Life Sciences<\/li>\n<li><strong>Leistungen<br><\/strong>Bauherrenvertretung, Projektmanagement<\/li>\n<li><strong>Beschreibung<br><\/strong>Durchf\u00fchrung einer Machbarkeitsstudie f\u00fcr eine Formulierungs- und Abf\u00fcllanlage mit Isolatortechnologie. Ziel war die Herstellung fl\u00fcssiger und lyophilisierter Produkte gem\u00e4\u00df Annex\u202f1. Das Projekt gliederte sich in vier zentrale Bereiche: Engineering, Tech Transfer, Operational Readiness und Quality. Bewertet wurden die technische, rechtliche, regulatorische, operative und finanzielle Umsetzbarkeit.<\/li>\n<\/ul>\t\t\t\t\t\t\t\t<\/div>\n\t\t\t\t<\/div>\n\t\t\t\t<div class=\"elementor-element elementor-element-3c9df55 elementor-widget elementor-widget-text-editor\" data-id=\"3c9df55\" data-element_type=\"widget\" data-e-type=\"widget\" data-widget_type=\"text-editor.default\">\n\t\t\t\t<div class=\"elementor-widget-container\">\n\t\t\t\t\t\t\t\t\t<h4><span style=\"color: #a3aaae;\"><img decoding=\"async\" class=\"wp-image-12183 alignnone\" src=\"https:\/\/frauenschuh-projectconsulting.com\/wp-content\/uploads\/2024\/07\/Original-on-transparent-favicon.svg\" alt=\"\" width=\"36\" height=\"36\" \/><\/span>State-of-the-Art Office Building<br \/><br \/><\/h4><ul><li><strong style=\"font-size: 16px;\">Branche<br \/><\/strong>Life Sciences<\/li><li><strong>Leistungen<br \/><\/strong>Business Consulting<\/li><li><strong>Beschreibung<br \/><\/strong>Beratung des Projektmanagers bei der Umsetzung eines modernen Verwaltungsgeb\u00e4udes in den Bereichen Stakeholder-Management, Projektdurchf\u00fchrung (Project Execution Plan) sowie bei der Vor- und Nachbereitung von Lenkungsaussch\u00fcssen und Pr\u00e4sentationen f\u00fcr das Senior Management.<\/li><\/ul>\t\t\t\t\t\t\t\t<\/div>\n\t\t\t\t<\/div>\n\t\t\t\t<\/div>\n\t\t\t\t\t<\/div>\n\t\t\t\t<\/div>\n\t\t\t\t<\/div>","protected":false},"excerpt":{"rendered":"<p>References &#8220;At Frauenschuh Project Consulting, we take pride in delivering the highest quality services tailored to your needs. With a commitment to professionalism, reliability, and innovation, we strive to exceed our clients&#8217; expectations. Your satisfaction is our top priority. We listen, adapt, and refine our services to guarantee exceptional results, fostering trust and long-term relationships. [&hellip;]<\/p>\n","protected":false},"author":1,"featured_media":0,"parent":0,"menu_order":0,"comment_status":"closed","ping_status":"closed","template":"elementor_header_footer","meta":{"site-sidebar-layout":"no-sidebar","site-content-layout":"page-builder","ast-site-content-layout":"full-width-container","site-content-style":"default","site-sidebar-style":"default","ast-global-header-display":"","ast-banner-title-visibility":"","ast-main-header-display":"","ast-hfb-above-header-display":"","ast-hfb-below-header-display":"","ast-hfb-mobile-header-display":"","site-post-title":"","ast-breadcrumbs-content":"","ast-featured-img":"disabled","footer-sml-layout":"","ast-disable-related-posts":"","theme-transparent-header-meta":"","adv-header-id-meta":"","stick-header-meta":"","header-above-stick-meta":"","header-main-stick-meta":"","header-below-stick-meta":"","astra-migrate-meta-layouts":"set","ast-page-background-enabled":"default","ast-page-background-meta":{"desktop":{"background-color":"","background-image":"","background-repeat":"repeat","background-position":"center center","background-size":"auto","background-attachment":"scroll","background-type":"","background-media":"","overlay-type":"","overlay-color":"","overlay-opacity":"","overlay-gradient":""},"tablet":{"background-color":"","background-image":"","background-repeat":"repeat","background-position":"center center","background-size":"auto","background-attachment":"scroll","background-type":"","background-media":"","overlay-type":"","overlay-color":"","overlay-opacity":"","overlay-gradient":""},"mobile":{"background-color":"","background-image":"","background-repeat":"repeat","background-position":"center center","background-size":"auto","background-attachment":"scroll","background-type":"","background-media":"","overlay-type":"","overlay-color":"","overlay-opacity":"","overlay-gradient":""}},"ast-content-background-meta":{"desktop":{"background-color":"var(--ast-global-color-5)","background-image":"","background-repeat":"repeat","background-position":"center center","background-size":"auto","background-attachment":"scroll","background-type":"","background-media":"","overlay-type":"","overlay-color":"","overlay-opacity":"","overlay-gradient":""},"tablet":{"background-color":"var(--ast-global-color-5)","background-image":"","background-repeat":"repeat","background-position":"center center","background-size":"auto","background-attachment":"scroll","background-type":"","background-media":"","overlay-type":"","overlay-color":"","overlay-opacity":"","overlay-gradient":""},"mobile":{"background-color":"var(--ast-global-color-5)","background-image":"","background-repeat":"repeat","background-position":"center center","background-size":"auto","background-attachment":"scroll","background-type":"","background-media":"","overlay-type":"","overlay-color":"","overlay-opacity":"","overlay-gradient":""}},"footnotes":""},"class_list":["post-13358","page","type-page","status-publish","hentry"],"_links":{"self":[{"href":"https:\/\/frauenschuh-projectconsulting.com\/de\/wp-json\/wp\/v2\/pages\/13358","targetHints":{"allow":["GET"]}}],"collection":[{"href":"https:\/\/frauenschuh-projectconsulting.com\/de\/wp-json\/wp\/v2\/pages"}],"about":[{"href":"https:\/\/frauenschuh-projectconsulting.com\/de\/wp-json\/wp\/v2\/types\/page"}],"author":[{"embeddable":true,"href":"https:\/\/frauenschuh-projectconsulting.com\/de\/wp-json\/wp\/v2\/users\/1"}],"replies":[{"embeddable":true,"href":"https:\/\/frauenschuh-projectconsulting.com\/de\/wp-json\/wp\/v2\/comments?post=13358"}],"version-history":[{"count":3,"href":"https:\/\/frauenschuh-projectconsulting.com\/de\/wp-json\/wp\/v2\/pages\/13358\/revisions"}],"predecessor-version":[{"id":13766,"href":"https:\/\/frauenschuh-projectconsulting.com\/de\/wp-json\/wp\/v2\/pages\/13358\/revisions\/13766"}],"wp:attachment":[{"href":"https:\/\/frauenschuh-projectconsulting.com\/de\/wp-json\/wp\/v2\/media?parent=13358"}],"curies":[{"name":"wp","href":"https:\/\/api.w.org\/{rel}","templated":true}]}}