{"id":2274,"date":"2024-01-07T16:48:15","date_gmt":"2024-01-07T16:48:15","guid":{"rendered":"https:\/\/frauenschuh-projectconsulting.com\/?page_id=2274"},"modified":"2024-10-13T08:55:59","modified_gmt":"2024-10-13T08:55:59","slug":"privacy-policy","status":"publish","type":"page","link":"https:\/\/frauenschuh-projectconsulting.com\/de\/privacy-policy\/","title":{"rendered":"Datenschutz"},"content":{"rendered":"<div data-elementor-type=\"wp-page\" data-elementor-id=\"2274\" class=\"elementor elementor-2274\">\n\t\t\t\t\t\t<section class=\"elementor-section elementor-top-section elementor-element elementor-element-b9f604b elementor-section-content-bottom elementor-section-boxed elementor-section-height-default elementor-section-height-default\" data-id=\"b9f604b\" data-element_type=\"section\" data-e-type=\"section\" data-settings=\"{&quot;background_background&quot;:&quot;classic&quot;}\">\n\t\t\t\t\t\t<div class=\"elementor-container elementor-column-gap-no\">\n\t\t\t\t\t<div class=\"elementor-column elementor-col-100 elementor-top-column elementor-element elementor-element-7a9ecfe\" data-id=\"7a9ecfe\" data-element_type=\"column\" data-e-type=\"column\">\n\t\t\t<div class=\"elementor-widget-wrap elementor-element-populated\">\n\t\t\t\t\t\t<div class=\"elementor-element elementor-element-dc9539d elementor-widget elementor-widget-heading\" data-id=\"dc9539d\" data-element_type=\"widget\" data-e-type=\"widget\" data-widget_type=\"heading.default\">\n\t\t\t\t<div class=\"elementor-widget-container\">\n\t\t\t\t\t<h2 class=\"elementor-heading-title elementor-size-default\">Datenschutz<\/h2>\t\t\t\t<\/div>\n\t\t\t\t<\/div>\n\t\t\t\t<div class=\"elementor-element elementor-element-26cc189f elementor-widget elementor-widget-text-editor\" data-id=\"26cc189f\" data-element_type=\"widget\" data-e-type=\"widget\" data-widget_type=\"text-editor.default\">\n\t\t\t\t<div class=\"elementor-widget-container\">\n\t\t\t\t\t\t\t\t\t<p><span style=\"color: #000000;\">In dieser Datenschutzerkl\u00e4rung wird erl\u00e4utert, wie unser Unternehmen die personenbezogenen Daten verwendet, die wir bei der Nutzung unserer Website von Ihnen erheben.<\/span><\/p><p><span style=\"color: #000000;\"><strong>Welche Daten sammeln wir?<\/strong><\/span><\/p><p><span style=\"color: #000000;\">Frauenschuh Project Consulting erhebt die folgenden Daten:<\/span><\/p><ul><li><span style=\"color: #000000;\">Pers\u00f6nliche Identifikationsdaten (Name, E-Mail-Adresse, Telefonnummer usw.)<\/span><\/li><\/ul><p><span style=\"color: #000000;\"><strong>Wie sammeln wir Ihre Daten?<\/strong><\/span><\/p><p><span style=\"color: #000000;\">Wir sammeln Daten und verarbeiten Daten, wenn Sie:<\/span><\/p><ul><li><span style=\"color: #000000;\">Online eine Anfrage \u00fcbermitteln oder Sie uns bez\u00fcglich unserer Dienstleistungen kontaktieren.<\/span><\/li><li><span style=\"color: #000000;\">Unsere Website \u00fcber die Cookies Ihres Browsers nutzen oder ansehen.<\/span><\/li><\/ul><p><span style=\"color: #000000;\"><strong>Wie werden wir Ihre Daten verwendet?<\/strong><\/span><\/p><p><span style=\"color: #000000;\">Frauenschuh Project Consulting sammelt Ihre Daten, damit wir sie nutzen k\u00f6nnen:<\/span><\/p><ul><li><span style=\"color: #000000;\">Um Ihre Anfrage bearbeiten zu k\u00f6nnen<\/span><\/li><li><span style=\"color: #000000;\">Ihnen per E-Mail Informationen \u00fcber unsere Dienstleistungen oder Newsletter zukommen zu lassen, die Sie interessieren k\u00f6nnten.<\/span><\/li><\/ul><p><span style=\"color: #000000;\">Wenn Frauenschuh Project Consulting Ihre Bestellung abwickelt, k\u00f6nnen Ihre Daten f\u00fcr Kreditauskunftsabfragen verwendet werden, um die Bonit\u00e4t sicherzustellen.<\/span><\/p><p><span style=\"color: #000000;\"><strong>Wie speichern wir Ihre Daten?<\/strong><\/span><\/p><p><span style=\"color: #000000;\">Frauenschuh Project Consulting speichert Ihre Daten sicher auf einem Microsoft Cloud Server.<\/span><\/p><p><span style=\"color: #000000;\"><strong style=\"font-style: inherit; background-color: var( --e-global-color-astglobalcolor5 );\">Welche Rechte haben Sie in Bezug auf den Datenschutz?<\/strong><\/span><\/p><p><span style=\"color: #000000;\">Frauenschuh Project Consulting m\u00f6chte Sie \u00fcber Ihre Datenschutzrechte aufkl\u00e4ren. Jeder Nutzer hat das Recht auf Folgendes:<\/span><\/p><p><span style=\"color: #000000;\"><strong>Das Recht auf Zugriff<\/strong>\u00a0- Sie haben das Recht, von Frauenschuh Project Consulting Kopien Ihrer pers\u00f6nlichen Daten zu verlangen. F\u00fcr diesen Service k\u00f6nnen wir Ihnen eine geringe Geb\u00fchr in Rechnung stellen.<\/span><\/p><p><span style=\"color: #000000;\"><strong>Das Recht auf Berichtigung<\/strong>\u00a0- Sie haben das Recht, von Frauenschuh Project Consulting die Berichtigung von Informationen zu verlangen, die Sie f\u00fcr unrichtig halten. Sie haben auch das Recht, Frauenschuh Project Consulting aufzufordern, die Informationen, die Sie f\u00fcr unvollst\u00e4ndig halten, zu vervollst\u00e4ndigen.<\/span><\/p><p><span style=\"color: #000000;\"><strong>Das Recht auf L\u00f6schung<\/strong>\u00a0- Sie haben das Recht, von Frauenschuh Project Consulting unter bestimmten Voraussetzungen die L\u00f6schung Ihrer personenbezogenen Daten zu verlangen.<\/span><\/p><p><span style=\"color: #000000;\"><strong>Das Recht auf Einschr\u00e4nkung der Verarbeitung<\/strong>\u00a0- Sie haben das Recht, von Frauenschuh Project Consulting unter bestimmten Voraussetzungen eine Einschr\u00e4nkung der Verarbeitung Ihrer personenbezogenen Daten zu verlangen.<\/span><\/p><p><span style=\"color: #000000;\"><strong>Das Recht auf Widerspruch gegen die Verarbeitung<\/strong>\u00a0- Sie haben das Recht, der Verarbeitung Ihrer personenbezogenen Daten durch Frauenschuh Project Consulting unter bestimmten Voraussetzungen zu widersprechen.<\/span><\/p><p><span style=\"color: #000000;\"><strong>Das Recht auf Daten\u00fcbertragbarkeit<\/strong>\u00a0- Sie haben das Recht zu verlangen, dass Frauenschuh Project Consulting die von uns erhobenen Daten unter bestimmten Bedingungen an eine andere Organisation oder direkt an Sie weitergibt.<\/span><\/p><p><span style=\"color: #000000;\">Wenn Sie eine Anfrage stellen, haben wir einen Monat Zeit, Ihnen zu antworten. Wenn Sie eines dieser Rechte aus\u00fcben m\u00f6chten, kontaktieren Sie uns bitte per E-Mail:<\/span><\/p><p><span style=\"color: #000000;\">Rufen Sie uns an: +43 732 947709<\/span><\/p><p><span style=\"color: #000000;\">Oder schreiben Sie uns: info@frauenschuh-projectconsulting.com<\/span><\/p><p><span style=\"color: #000000;\"><strong>Cookies<\/strong><\/span><\/p><p><span style=\"color: #000000;\">Cookies sind Textdateien, die auf Ihrem Computer abgelegt werden, um Standard-Internetprotokolldaten und Informationen zum Besucherverhalten zu sammeln. Wenn Sie unsere Websites besuchen, k\u00f6nnen wir \u00fcber Cookies oder \u00e4hnliche Technologien automatisch Informationen \u00fcber Sie sammeln<\/span><\/p><p><span style=\"color: #000000;\">Weitere Informationen finden Sie unter allaboutcookies.org.<\/span><\/p><p><span style=\"color: #000000;\"><strong>Wie verwenden wir Cookies?<\/strong><\/span><\/p><p><span style=\"color: #000000;\">Frauenschuh Project Consulting verwendet Cookies auf verschiedene Weise, um Ihre Erfahrung auf unserer Website zu verbessern, einschlie\u00dflich:<\/span><\/p><ul><li><span style=\"color: #000000;\">Verstehen, wie Sie unsere Website nutzen<\/span><\/li><\/ul><p><span style=\"color: #000000;\"><strong>Welche Arten von Cookies verwenden wir?<\/strong><\/span><\/p><p><span style=\"color: #000000;\">Es gibt eine Reihe verschiedener Arten von Cookies, aber unsere Website verwendet sie:<\/span><\/p><ul><li><span style=\"color: #000000;\">Funktionalit\u00e4t - Frauenschuh Project Consulting verwendet diese Cookies, damit wir Sie auf unserer Website wiedererkennen und uns Ihre zuvor gew\u00e4hlten Einstellungen merken. Dazu geh\u00f6rt zum Beispiel, welche Sprache Sie bevorzugen und wo Sie sich befinden. Es wird eine Mischung aus Erstanbieter- und Drittanbieter-Cookies verwendet.<\/span><\/li><li><span style=\"color: #000000;\">Marketing \u2013 Frauenschuh Project Consulting verwendet diese Cookies, um Informationen \u00fcber Ihren Besuch auf unserer Website, die von Ihnen angesehenen Inhalte, die von Ihnen verfolgten Links und Informationen \u00fcber Ihren Browser, Ihr Ger\u00e4t und Ihre IP-Adresse zu sammeln.\u00a0<\/span><\/li><\/ul><p><span style=\"color: #000000;\"><strong>Wie man Cookies verwaltet<\/strong><\/span><\/p><p><span style=\"color: #000000;\">Sie k\u00f6nnen Ihren Browser so einstellen, dass er keine Cookies akzeptiert, und auf der oben genannten Website erfahren Sie, wie Sie Cookies aus Ihrem Browser entfernen k\u00f6nnen. In einigen wenigen F\u00e4llen kann es jedoch vorkommen, dass einige Funktionen unserer Website dann nicht funktionieren.<\/span><\/p><p><span style=\"color: #000000;\"><strong>Datenschutzrichtlinien anderer Websites<\/strong><\/span><\/p><p><span style=\"color: #000000;\">Die Website von Frauenschuh Project Consulting enth\u00e4lt Links zu anderen Websites. Wenn Sie also auf einen Link zu einer anderen Website klicken, sollten Sie deren Datenschutzrichtlinien lesen.<\/span><\/p><p><span style=\"color: #000000;\"><strong>\u00c4nderungen an unserer Datenschutzpolitik<\/strong><\/span><\/p><p><span style=\"color: #000000;\">Frauenschuh Project Consulting \u00fcberpr\u00fcft seine Datenschutzrichtlinie regelm\u00e4\u00dfig und ver\u00f6ffentlicht alle Aktualisierungen auf dieser Webseite. Diese Datenschutzerkl\u00e4rung wurde zuletzt am 28. Juli 2024 aktualisiert.<\/span><\/p><p><span style=\"color: #000000;\"><strong>Wie Sie uns kontaktieren k\u00f6nnen<\/strong><\/span><\/p><p><span style=\"color: #000000;\">Wenn Sie Fragen zur Datenschutzpolitik von Frauenschuh Project Consulting haben, zu den von uns \u00fcber Sie gespeicherten Daten, oder wenn Sie eines Ihrer Datenschutzrechte aus\u00fcben m\u00f6chten, z\u00f6gern Sie bitte nicht, uns zu kontaktieren.<\/span><\/p><p><span style=\"color: #000000;\">Email: info@frauenschuh-projectconsulting.com<\/span><\/p><p><span style=\"color: #000000;\">Rufen Sie uns an: +43 732 947709<\/span><\/p><p><span style=\"color: #000000;\">Oder schreiben Sie uns: Gewerbeallee 13a, 4221 Steyregg, \u00d6sterreich<\/span><\/p><p><span style=\"color: #000000;\"><strong>Kontaktaufnahme im Falle einer Beschwerde<\/strong><\/span><\/p><p><span style=\"color: #000000;\">Wenn Sie eine Beschwerde melden m\u00f6chten, k\u00f6nnen Sie sich direkt an Herrn Frauenschuh wenden.<\/span><\/p><p><span style=\"color: #000000;\">E-Mail: bernhard@frauenschuh-projectconsulting.com<\/span><\/p>\t\t\t\t\t\t\t\t<\/div>\n\t\t\t\t<\/div>\n\t\t\t\t\t<\/div>\n\t\t<\/div>\n\t\t\t\t\t<\/div>\n\t\t<\/section>\n\t\t\t\t<\/div>","protected":false},"excerpt":{"rendered":"<p>Privacy policy This privacy policy will explain how our company uses the personal data we collect from you when you use our website. What data do we collect? Frauenschuh Project Consulting collects the following data: Personal identification information (Name, email address, phone number, etc.) How do we collect your data? We collect data and process [&hellip;]<\/p>\n","protected":false},"author":1,"featured_media":0,"parent":0,"menu_order":0,"comment_status":"closed","ping_status":"closed","template":"","meta":{"site-sidebar-layout":"no-sidebar","site-content-layout":"page-builder","ast-site-content-layout":"full-width-container","site-content-style":"default","site-sidebar-style":"default","ast-global-header-display":"","ast-banner-title-visibility":"","ast-main-header-display":"","ast-hfb-above-header-display":"","ast-hfb-below-header-display":"","ast-hfb-mobile-header-display":"","site-post-title":"disabled","ast-breadcrumbs-content":"","ast-featured-img":"disabled","footer-sml-layout":"","ast-disable-related-posts":"","theme-transparent-header-meta":"disabled","adv-header-id-meta":"","stick-header-meta":"","header-above-stick-meta":"","header-main-stick-meta":"","header-below-stick-meta":"","astra-migrate-meta-layouts":"set","ast-page-background-enabled":"default","ast-page-background-meta":{"desktop":{"background-color":"","background-image":"","background-repeat":"repeat","background-position":"center center","background-size":"auto","background-attachment":"scroll","background-type":"","background-media":"","overlay-type":"","overlay-color":"","overlay-opacity":"","overlay-gradient":""},"tablet":{"background-color":"","background-image":"","background-repeat":"repeat","background-position":"center center","background-size":"auto","background-attachment":"scroll","background-type":"","background-media":"","overlay-type":"","overlay-color":"","overlay-opacity":"","overlay-gradient":""},"mobile":{"background-color":"","background-image":"","background-repeat":"repeat","background-position":"center center","background-size":"auto","background-attachment":"scroll","background-type":"","background-media":"","overlay-type":"","overlay-color":"","overlay-opacity":"","overlay-gradient":""}},"ast-content-background-meta":{"desktop":{"background-color":"var(--ast-global-color-5)","background-image":"","background-repeat":"repeat","background-position":"center center","background-size":"auto","background-attachment":"scroll","background-type":"","background-media":"","overlay-type":"","overlay-color":"","overlay-opacity":"","overlay-gradient":""},"tablet":{"background-color":"var(--ast-global-color-5)","background-image":"","background-repeat":"repeat","background-position":"center center","background-size":"auto","background-attachment":"scroll","background-type":"","background-media":"","overlay-type":"","overlay-color":"","overlay-opacity":"","overlay-gradient":""},"mobile":{"background-color":"var(--ast-global-color-5)","background-image":"","background-repeat":"repeat","background-position":"center center","background-size":"auto","background-attachment":"scroll","background-type":"","background-media":"","overlay-type":"","overlay-color":"","overlay-opacity":"","overlay-gradient":""}},"footnotes":""},"class_list":["post-2274","page","type-page","status-publish","hentry"],"_links":{"self":[{"href":"https:\/\/frauenschuh-projectconsulting.com\/de\/wp-json\/wp\/v2\/pages\/2274","targetHints":{"allow":["GET"]}}],"collection":[{"href":"https:\/\/frauenschuh-projectconsulting.com\/de\/wp-json\/wp\/v2\/pages"}],"about":[{"href":"https:\/\/frauenschuh-projectconsulting.com\/de\/wp-json\/wp\/v2\/types\/page"}],"author":[{"embeddable":true,"href":"https:\/\/frauenschuh-projectconsulting.com\/de\/wp-json\/wp\/v2\/users\/1"}],"replies":[{"embeddable":true,"href":"https:\/\/frauenschuh-projectconsulting.com\/de\/wp-json\/wp\/v2\/comments?post=2274"}],"version-history":[{"count":0,"href":"https:\/\/frauenschuh-projectconsulting.com\/de\/wp-json\/wp\/v2\/pages\/2274\/revisions"}],"wp:attachment":[{"href":"https:\/\/frauenschuh-projectconsulting.com\/de\/wp-json\/wp\/v2\/media?parent=2274"}],"curies":[{"name":"wp","href":"https:\/\/api.w.org\/{rel}","templated":true}]}}