{"id":9496,"date":"2024-07-03T12:23:10","date_gmt":"2024-07-03T12:23:10","guid":{"rendered":"https:\/\/frauenschuh-projectconsulting.com\/?page_id=9496"},"modified":"2024-10-13T08:58:04","modified_gmt":"2024-10-13T08:58:04","slug":"terms-conditions","status":"publish","type":"page","link":"https:\/\/frauenschuh-projectconsulting.com\/de\/terms-conditions\/","title":{"rendered":"Allgemeine Gesch\u00e4ftsbedinungen"},"content":{"rendered":"<div data-elementor-type=\"wp-page\" data-elementor-id=\"9496\" class=\"elementor elementor-9496\">\n\t\t\t\t\t\t<section class=\"elementor-section elementor-top-section elementor-element elementor-element-68c7556d elementor-section-content-bottom elementor-section-boxed elementor-section-height-default elementor-section-height-default\" data-id=\"68c7556d\" data-element_type=\"section\" data-e-type=\"section\" data-settings=\"{&quot;background_background&quot;:&quot;classic&quot;}\">\n\t\t\t\t\t\t<div class=\"elementor-container elementor-column-gap-no\">\n\t\t\t\t\t<div class=\"elementor-column elementor-col-100 elementor-top-column elementor-element elementor-element-b243fca\" data-id=\"b243fca\" data-element_type=\"column\" data-e-type=\"column\">\n\t\t\t<div class=\"elementor-widget-wrap elementor-element-populated\">\n\t\t\t\t\t\t<div class=\"elementor-element elementor-element-52e4b780 elementor-widget elementor-widget-heading\" data-id=\"52e4b780\" data-element_type=\"widget\" data-e-type=\"widget\" data-widget_type=\"heading.default\">\n\t\t\t\t<div class=\"elementor-widget-container\">\n\t\t\t\t\t<h2 class=\"elementor-heading-title elementor-size-default\">Allgemeine Gesch\u00e4ftsbedinungen<\/h2>\t\t\t\t<\/div>\n\t\t\t\t<\/div>\n\t\t\t\t<div class=\"elementor-element elementor-element-430167cd elementor-widget elementor-widget-text-editor\" data-id=\"430167cd\" data-element_type=\"widget\" data-e-type=\"widget\" data-widget_type=\"text-editor.default\">\n\t\t\t\t<div class=\"elementor-widget-container\">\n\t\t\t\t\t\t\t\t\t<p><span style=\"color: #000000;\"><b>1. Allgemeine Grundlagen \/ Geltungsbereich<\/b><\/span><\/p><p><span style=\"color: #000000;\">1.1\tF\u00fcr s\u00e4mtliche Rechtsgesch\u00e4fte zwischen dem\/der Auftraggeber:in und dem\/der Auftragnehmer:in (Frauenschuh Project Consulting e.U.) \u2013 im Folgenden wird nur die Bezeichnung Auftragnehmer:in verwendet - gelten ausschlie\u00dflich diese Allgemeinen Gesch\u00e4ftsbedingungen. Ma\u00dfgeblich ist jeweils die zum Zeitpunkt des Vertragsabschlusses g\u00fcltige Fassung.<\/span><\/p><p><span style=\"color: #000000;\">1.2\tDiese Allgemeinen Gesch\u00e4ftsbedingungen gelten auch f\u00fcr alle k\u00fcnftigen Vertragsbeziehungen, somit auch dann, wenn bei Zusatzvertr\u00e4gen darauf nicht ausdr\u00fccklich hingewiesen wird.<\/span><\/p><p><span style=\"color: #000000;\">1.3\tEntgegenstehende Allgemeine Gesch\u00e4ftsbedingungen des\/der Auftraggebers:in sind ung\u00fcltig, es sei denn, diese werden vom\/von der Auftragnehmer:in ausdr\u00fccklich schriftlich anerkannt.<\/span><\/p><p><span style=\"color: #000000;\">1.4\tF\u00fcr den Fall, dass einzelne Bestimmungen dieser Allgemeinen Gesch\u00e4ftsbedingungen unwirksam sein und\/oder werden sollten, ber\u00fchrt dies die Wirksamkeit der verbleibenden Bestimmungen und der unter ihrer Zugrundelegung geschlossenen Vertr\u00e4ge nicht. Die unwirksame ist durch eine wirksame Bestimmung, die ihr dem Sinn und wirtschaftlichen Zweck nach am n\u00e4chsten kommt, zu ersetzen.<\/span><\/p><p><span style=\"color: #000000;\"><b>2. Umfang des Beratungsauftrages \/ Stellvertretung<\/b><\/span><\/p><p><span style=\"color: #000000;\">2.1\tDer Umfang eines konkreten Beratungsauftrages wird im Einzelfall vertraglich vereinbart.<\/span><\/p><p><span style=\"color: #000000;\">2.2\tDer\/die Auftragnehmer:in ist berechtigt, die ihm\/ihr obliegenden Aufgaben ganz oder teilweise durch Dritte erbringen zu lassen. Die Bezahlung des Dritten erfolgt ausschlie\u00dflich durch den\/die Auftragnehmer:in selbst. Es entsteht kein wie immer geartetes direktes Vertragsverh\u00e4ltnis zwischen dem Dritten und dem\/der Auftraggeber:in.<\/span><\/p><p><span style=\"color: #000000;\">2.3\tDer\/die Auftraggeber:in verpflichtet sich, w\u00e4hrend sowie bis zum Ablauf von drei Jahren nach Beendigung dieses Vertragsverh\u00e4ltnisses keine wie immer geartete Gesch\u00e4ftsbeziehung zu Personen oder Gesellschaften einzugehen, deren sich der\/die Auftragnehmer:in zur Erf\u00fcllung seiner vertraglichen Pflichten bedient. Der\/die Auftraggeber:in wird diese Personen und Gesellschaften insbesondere nicht mit solchen oder \u00e4hnlichen Beratungsleistungen beauftragen, die auch der\/die Auftragnehmer:in anbietet.<\/span><\/p><p><span style=\"color: #000000;\"><b>3. Aufkl\u00e4rungspflicht des\/der Auftraggebers: in \/ Vollst\u00e4ndigkeitserkl\u00e4rung<\/b><\/span><\/p><p><span style=\"color: #000000;\">3.1\tDer\/die Auftraggeber:in sorgt daf\u00fcr, dass die organisatorischen Rahmenbedingungen bei Erf\u00fcllung des Beratungsauftrages an seinem\/ihrem Gesch\u00e4ftssitz ein m\u00f6glichst ungest\u00f6rtes, dem raschen Fortgang des Beratungsprozesses f\u00f6rderliches Arbeiten erlauben.<\/span><\/p><p><span style=\"color: #000000;\">3.2\tDer\/die Auftraggeber:in wird den\/die Auftragnehmer:in auch \u00fcber vorher durchgef\u00fchrte und\/oder laufende Beratungen \u2013 auch auf anderen Fachgebieten \u2013 umfassend informieren.<\/span><\/p><p><span style=\"color: #000000;\">3.3\tDer\/die Auftraggeber:in sorgt daf\u00fcr, dass dem\/der Auftragnehmer:in auch ohne dessen besondere Aufforderung alle f\u00fcr die Erf\u00fcllung und Ausf\u00fchrung des Beratungsauftrages notwendigen Unterlagen zeitgerecht vorgelegt werden und ihm\/ihr von allen Vorg\u00e4ngen und Umst\u00e4nden Kenntnis gegeben wird, die f\u00fcr die Ausf\u00fchrung des Beratungsauftrages von Bedeutung sind. Dies gilt auch f\u00fcr alle Unterlagen, Vorg\u00e4nge und Umst\u00e4nde, die erst w\u00e4hrend der T\u00e4tigkeit des\/der Beraters:in bekannt werden.<\/span><\/p><p><span style=\"color: #000000;\">3.4\tDer\/die Auftraggeber:in sorgt daf\u00fcr, dass seine\/ihre Mitarbeiter:innen und die gesetzlich vorgesehene und gegebenenfalls eingerichtete Arbeitnehmervertretung (Betriebsrat) bereits vor Beginn der T\u00e4tigkeit des\/der Auftragnehmers:in von dieser informiert werden.<\/span><\/p><p><span style=\"color: #000000;\"><b>4. Sicherung der Unabh\u00e4ngigkeit<\/b><\/span><\/p><p><span style=\"color: #000000;\">4.1\tDie Vertragsparteien verpflichten sich zur gegenseitigen Loyalit\u00e4t.<\/span><\/p><p><span style=\"color: #000000;\">4.2\tDie Vertragsparteien verpflichten sich gegenseitig, alle Vorkehrungen zu treffen, die geeignet sind, die Gef\u00e4hrdung der Unabh\u00e4ngigkeit der beauftragten Dritten und Mitarbeiter:innen des\/der Auftragnehmers:in zu verhindern. Dies gilt insbesondere f\u00fcr Angebote des\/der Auftraggebers:in auf Anstellung bzw. der \u00dcbernahme von Auftr\u00e4gen auf eigene Rechnung.<\/span><\/p><p><span style=\"color: #000000;\"><b>5. Berichterstattung \/ Berichtspflicht<\/b><\/span><\/p><p><span style=\"color: #000000;\">5.1\tDer\/die Auftragnehmer:in verpflichtet sich, \u00fcber seine\/ihre Arbeit, die seiner\/ihrer Mitarbeiter:innen und gegebenenfalls auch die beauftragter Dritter dem Arbeitsfortschritt entsprechend dem\/der Auftraggeber:in Bericht zu erstatten.<\/span><\/p><p><span style=\"color: #000000;\">5.2\tDen Schlussbericht erh\u00e4lt der\/die Auftraggeber:in in angemessener Zeit, d.h. zwei bis vier Wochen, je nach Art und Umfang des Beratungsauftrages nach Abschluss des Auftrages.<\/span><\/p><p><span style=\"color: #000000;\">5.3\tDer\/die Auftragnehmer:in ist bei der Herstellung des vereinbarten Werkes weisungsfrei, handelt nach eigenem Gutd\u00fcnken und in eigener Verantwortung. Er\/sie ist an keinen bestimmten Arbeitsort und keine bestimmte Arbeitszeit gebunden.<\/span><\/p><p><span style=\"color: #000000;\"><b>6. Schutz des geistigen Eigentums<\/b><\/span><\/p><p><span style=\"color: #000000;\">6.1\tDie Urheberrechte an den vom\/von der Auftragnehmer:in und seinen\/ihren Mitarbeiter:innen und beauftragten Dritten geschaffenen Werke (insbesondere Anbote, Berichte, Analysen, Gutachten, Organisationspl\u00e4ne, Programme, Leistungsbeschreibungen, Entw\u00fcrfe, Berechnungen, Zeichnungen, Datentr\u00e4ger etc.) verbleiben beim\/bei der Auftragnehmer:in. Sie d\u00fcrfen vom\/von der Auftraggeber:in w\u00e4hrend und nach Beendigung des Vertragsverh\u00e4ltnisses ausschlie\u00dflich f\u00fcr vom Vertrag umfasste Zwecke verwendet werden. Der\/die Auftraggeber:in ist insofern nicht berechtigt, das Werk (die Werke) ohne ausdr\u00fcckliche Zustimmung des\/der Auftragnehmers:in zu vervielf\u00e4ltigen und\/oder zu verbreiten. Keinesfalls entsteht durch eine unberechtigte Vervielf\u00e4ltigung\/Verbreitung des Werkes eine Haftung des\/der Auftragnehmers:in \u2013 insbesondere etwa f\u00fcr die Richtigkeit des Werkes \u2013 gegen\u00fcber Dritten.<\/span><\/p><p><span style=\"color: #000000;\">6.2\tDer Versto\u00df des\/der Auftraggebers:in gegen diese Bestimmungen berechtigt den\/die Auftragnehmer:in zur sofortigen vorzeitigen Beendigung des Vertragsverh\u00e4ltnisses und zur Geltendmachung anderer gesetzlicher Anspr\u00fcche, insbesondere auf Unterlassung und\/oder Schadenersatz.<\/span><\/p><p><span style=\"color: #000000;\"><b>7. Gew\u00e4hrleistung<\/b><\/span><\/p><p><span style=\"color: #000000;\">7.1\tDer\/die Auftragnehmer:in ist ohne R\u00fccksicht auf ein Verschulden berechtigt und verpflichtet, bekanntwerdende Unrichtigkeiten und M\u00e4ngel im Rahmen der gesetzlichen Gew\u00e4hrleistung an seiner\/ihrer Leistung zu beheben. Er\/sie wird den\/die Auftraggeber:in hievon unverz\u00fcglich in Kenntnis setzen.<\/span><\/p><p><span style=\"color: #000000;\">7.2\tDieser Anspruch des\/der Auftraggebers:in erlischt nach sechs Monaten nach Erbringen der jeweiligen Leistung.<\/span><\/p><p><span style=\"color: #000000;\"><b>8. Haftung \/ Schadenersatz<\/b><\/span><\/p><p><span style=\"color: #000000;\">8.1\tDer\/die Auftragnehmer:in haftet dem\/der Auftraggeber:in f\u00fcr Sch\u00e4den \u2013 ausgenommen f\u00fcr Personensch\u00e4den - nur im Falle groben Verschuldens (Vorsatz oder grobe Fahrl\u00e4ssigkeit). Dies gilt sinngem\u00e4\u00df auch f\u00fcr Sch\u00e4den, die auf vom\/von der Auftragnehmer:in beigezogene Dritte zur\u00fcckgehen.<\/span><\/p><p><span style=\"color: #000000;\">8.2\tSchadenersatzanspr\u00fcche des\/der Aufraggebers:in k\u00f6nnen nur innerhalb von sechs Monaten ab Kenntnis von Schaden und Sch\u00e4diger, sp\u00e4testens aber innerhalb von drei Jahren nach dem anspruchsbegr\u00fcndenden Ereignis gerichtlich geltend gemacht werden.<\/span><\/p><p><span style=\"color: #000000;\">8.3\tDer\/die Auftraggeber:in hat jeweils den Beweis zu erbringen, dass der Schaden auf ein Verschulden des\/der Auftragnehmers:in zur\u00fcckzuf\u00fchren ist.<\/span><\/p><p><span style=\"color: #000000;\">8.4\tSofern der\/die Auftragnehmer:in das Werk unter Zuhilfenahme Dritter erbringt und in diesem Zusammenhang Gew\u00e4hrleistungs- und\/oder Haftungsanspr\u00fcche gegen\u00fcber diesen Dritten entstehen, tritt der\/die Auftragnehmer:in diese Anspr\u00fcche an den\/die Auftraggeber:in ab. Der\/die Auftraggeber:in wird sich in diesem Fall vorrangig an diese Dritten halten.<\/span><\/p><p><span style=\"color: #000000;\"><b>9. Geheimhaltung \/ Datenschutz<\/b><\/span><\/p><p><span style=\"color: #000000;\">9.1\tDer\/die Auftragnehmer:in verpflichtet sich zu unbedingtem Stillschweigen \u00fcber alle ihm\/ihr zur Kenntnis gelangenden gesch\u00e4ftlichen Angelegenheiten, insbesondere Gesch\u00e4fts- und Betriebsgeheimnisse sowie jedwede Information, die er\/sie \u00fcber Art, Betriebsumfang und praktische T\u00e4tigkeit des\/der Auftraggebers:in erh\u00e4lt.<\/span><\/p><p><span style=\"color: #000000;\">9.2\tWeiters verpflichtet sich der\/die Auftragnehmer:in, \u00fcber den gesamten Inhalt des Werkes sowie s\u00e4mtliche Informationen und Umst\u00e4nde, die ihm\/ihr im Zusammenhang mit der Erstellung des Werkes zugegangen sind, insbesondere auch \u00fcber die Daten von Klient:innen des\/der Auftraggebers:in, Dritten gegen\u00fcber Stillschweigen zu bewahren.<\/span><\/p><p><span style=\"color: #000000;\">9.3\tDer\/die Auftragnehmer:in ist von der Schweigepflicht gegen\u00fcber allf\u00e4lligen Gehilfen und Stellvertreter:innen, denen er\/sie sich bedient, entbunden. Er\/sie hat die Schweigepflicht aber auf diese vollst\u00e4ndig zu \u00fcberbinden und haftet f\u00fcr deren Versto\u00df gegen die Verschwiegenheitsverpflichtung wie f\u00fcr einen eigenen Versto\u00df.<\/span><\/p><p><span style=\"color: #000000;\">9.4\tDie Schweigepflicht reicht unbegrenzt auch \u00fcber das Ende dieses Vertragsverh\u00e4ltnisses hinaus. Ausnahmen bestehen im Falle gesetzlich vorgesehener Aussageverpflichtungen.<\/span><\/p><p><span style=\"color: #000000;\">9.5\tDer\/die Auftragnehmer:in ist berechtigt, ihm\/ihr anvertraute personenbezogene Daten im Rahmen der Zweckbestimmung des Vertragsverh\u00e4ltnisses zu verarbeiten. Der\/die Auftraggeber:in leistet dem\/der Auftragnehmer:in Gew\u00e4hr, dass hief\u00fcr s\u00e4mtliche erforderlichen Ma\u00dfnahmen insbesondere jene im Sinne des Datenschutzgesetzes, wie etwa Zustimmungserkl\u00e4rungen der Betroffenen, getroffen worden sind.<\/span><\/p><p><span style=\"color: #000000;\"><b>10. Honorar<\/b><\/span><\/p><p><span style=\"color: #000000;\">10.1\tNach Vollendung des vereinbarten Werkes erh\u00e4lt der\/die Auftragnehmer:in ein Honorar gem\u00e4\u00df der Vereinbarung zwischen dem\/der Auftraggeber:in und dem\/der Auftragnehmer:in. Der\/die Auftragnehmer:in ist berechtigt, dem Arbeitsfortschritt entsprechend Zwischenabrechnungen zu legen und dem jeweiligen Fortschritt entsprechende Akonti zu verlangen. Das Honorar ist jeweils mit Rechnungslegung durch den\/die Auftragnehmer:in f\u00e4llig.<\/span><\/p><p><span style=\"color: #000000;\">10.2\tDer\/die Auftragnehmer:in wird jeweils eine zum Vorsteuerabzug berechtigende Rechnung mit allen gesetzlich erforderlichen Merkmalen ausstellen.<\/span><\/p><p><span style=\"color: #000000;\">10.3\tAnfallende Barauslagen, Spesen, Reisekosten, etc. sind gegen Rechnungslegung des\/der Auftragnehmers:in vom\/von der Auftraggeber:in zus\u00e4tzlich zu ersetzen.<\/span><\/p><p><span style=\"color: #000000;\">10.4\tUnterbleibt die Ausf\u00fchrung des vereinbarten Werkes aus Gr\u00fcnden, die auf Seiten des\/der Auftraggebers:in liegen, oder aufgrund einer berechtigten vorzeitigen Beendigung des Vertragsverh\u00e4ltnisses durch den\/die Auftragnehmer:in, so beh\u00e4lt der\/die Auftragnehmer:in den Anspruch auf Zahlung des gesamten vereinbarten Honorars abz\u00fcglich ersparter Aufwendungen. Im Falle der Vereinbarung eines Stundenhonorars ist das Honorar f\u00fcr jene Stundenanzahl, die f\u00fcr das gesamte vereinbarte Werk zu erwarten gewesen ist, abz\u00fcglich der ersparten Aufwendungen zu leisten. Die ersparten Aufwendungen sind mit 30 Prozent des Honorars f\u00fcr jene Leistungen, die der\/die Auftragnehmer:in bis zum Tage der Beendigung des Vertragsverh\u00e4ltnisses noch nicht erbracht hat, pauschaliert vereinbart.<\/span><\/p><p><span style=\"color: #000000;\">10.5\tIm Falle der Nichtzahlung von Zwischenabrechnungen ist der\/die Auftragnehmer:in von seiner\/ihrer Verpflichtung, weitere Leistungen zu erbringen, befreit. Die Geltendmachung weiterer aus der Nichtzahlung resultierender Anspr\u00fcche wird dadurch aber nicht ber\u00fchrt.<\/span><\/p><p><span style=\"color: #000000;\"><b>11. Elektronische Rechnungslegung<\/b><\/span><\/p><p><span style=\"color: #000000;\">11.1\tDer\/die Auftragnehmer:in ist berechtigt, dem\/der Auftraggeber:in Rechnungen auch in elektronischer Form zu \u00fcbermitteln. Der\/die Auftraggeber:in erkl\u00e4rt sich mit der Zusendung von Rechnungen in elektronischer Form durch den\/die Auftragnehmer:in ausdr\u00fccklich einverstanden.<\/span><\/p><p><span style=\"color: #000000;\"><b>12. Dauer des Vertrages<\/b><\/span><\/p><p><span style=\"color: #000000;\">12.1\tDieser Vertrag endet grunds\u00e4tzlich mit dem Abschluss des Projekts und der entsprechenden Rechnungslegung.<\/span><\/p><p><span style=\"color: #000000;\">12.2\tDer Vertrag kann dessen ungeachtet jederzeit aus wichtigen Gr\u00fcnden von jeder Seite ohne Einhaltung einer K\u00fcndigungsfrist gel\u00f6st werden. Als wichtiger Grund ist insbesondere anzusehen,<\/span><\/p><p><span style=\"color: #000000;\">-\tWenn eine Vertragspartei wesentliche Vertragsverpflichtungen verletzt, oder <\/span><br \/><span style=\"color: #000000;\">-\twenn eine Vertragspartei nach Er\u00f6ffnung eines Insolvenzverfahrens in Zahlungsverzug ger\u00e4t, oder<\/span><br \/><span style=\"color: #000000;\">-\twenn berechtigte Bedenken hinsichtlich der Bonit\u00e4t einer Vertragspartei, \u00fcber die kein Insolvenzverfahren er\u00f6ffnet ist, bestehen und diese auf Begehren des\/der Auftragnehmers:in weder Vorauszahlungen leistet noch vor Leistung des\/der Auftragnehmers:in eine taugliche Sicherheit leistet und die schlechten Verm\u00f6gensverh\u00e4ltnisse der anderen Vertragspartei bei Vertragsabschluss nicht bekannt waren.<\/span><\/p><p><span style=\"color: #000000;\"><b>13. Schlussbestimmungen<\/b><\/span><\/p><p><span style=\"color: #000000;\">13.1\tDie Vertragsparteien best\u00e4tigen, alle Angaben im Vertrag gewissenhaft und wahrheitsgetreu gemacht zu haben und verpflichten sich, allf\u00e4llige \u00c4nderungen wechselseitig umgehend bekannt zu geben.<\/span><\/p><p><span style=\"color: #000000;\">13.2\t\u00c4nderungen des Vertrages und dieser AGB bed\u00fcrfen der Schriftform; ebenso ein Abgehen von dieser Formerfordernis. M\u00fcndliche Nebenabreden bestehen nicht.<\/span><\/p><p><span style=\"color: #000000;\">13.3\tAuf diesen Vertrag ist materielles \u00f6sterreichisches Recht unter Ausschluss der Verweisungsnormen des internationalen Privatrechts sowie des UN-Kaufrechts anwendbar. Erf\u00fcllungsort ist der Ort der beruflichen Niederlassung des\/der Auftragnehmers:in. F\u00fcr Streitigkeiten ist das Gericht am Unternehmensort des\/der Auftragnehmers:in zust\u00e4ndig.<\/span><\/p><p><span style=\"color: #000000;\">13.4\tF\u00fcr den Fall von Streitigkeiten aus diesem Vertrag, die nicht einvernehmlich geregelt werden k\u00f6nnen, vereinbaren die Vertragsparteien einvernehmlich zur au\u00dfergerichtlichen Beilegung des Konfliktes eingetragene Mediator:innen (ZivMediatG) mit dem Schwerpunkt WirtschaftsMediation aus der Liste des Justizministeriums beizuziehen. Sollte \u00fcber die Auswahl der WirtschaftsMediatoren:innen oder inhaltlich kein Einvernehmen hergestellt werden k\u00f6nnen, werden fr\u00fchestens ein Monat ab Scheitern der Verhandlungen rechtliche Schritte eingeleitet.<\/span><\/p><p><span style=\"color: #000000;\">13.5\tIm Falle einer nicht zustande gekommenen oder abgebrochenen Mediation, gilt in einem allf\u00e4llig eingeleiteten Gerichtsverfahren \u00f6sterreichisches Recht.<\/span><\/p><p><span style=\"color: #000000;\">13.6\tS\u00e4mtliche aufgrund einer vorherigen Mediation angelaufenen notwendigen Aufwendungen, insbesondere auch jene f\u00fcr beigezogene Rechtsberater:innen, k\u00f6nnen vereinbarungsgem\u00e4\u00df in einem Gerichts- oder Schiedsgerichtsverfahren als \u201evorprozessuale Kosten\u201c geltend gemacht werden.<\/span><\/p>\t\t\t\t\t\t\t\t<\/div>\n\t\t\t\t<\/div>\n\t\t\t\t\t<\/div>\n\t\t<\/div>\n\t\t\t\t\t<\/div>\n\t\t<\/section>\n\t\t\t\t<\/div>","protected":false},"excerpt":{"rendered":"<p>Terms &amp; Conditions 1. General Terms and Conditions \/ Scope 1.1 All legal transactions between the Principal and the Agent (Frauenschuh Project Consulting e.U.) hereinafter referred to as Agent shall be exclusively subject to these General Terms and Conditions. The version valid at the time the Contract is executed shall be applicable. 1.2 These General [&hellip;]<\/p>\n","protected":false},"author":1,"featured_media":0,"parent":0,"menu_order":0,"comment_status":"closed","ping_status":"closed","template":"","meta":{"site-sidebar-layout":"no-sidebar","site-content-layout":"page-builder","ast-site-content-layout":"full-width-container","site-content-style":"default","site-sidebar-style":"default","ast-global-header-display":"","ast-banner-title-visibility":"","ast-main-header-display":"","ast-hfb-above-header-display":"","ast-hfb-below-header-display":"","ast-hfb-mobile-header-display":"","site-post-title":"disabled","ast-breadcrumbs-content":"","ast-featured-img":"disabled","footer-sml-layout":"","ast-disable-related-posts":"","theme-transparent-header-meta":"","adv-header-id-meta":"","stick-header-meta":"","header-above-stick-meta":"","header-main-stick-meta":"","header-below-stick-meta":"","astra-migrate-meta-layouts":"set","ast-page-background-enabled":"default","ast-page-background-meta":{"desktop":{"background-color":"","background-image":"","background-repeat":"repeat","background-position":"center center","background-size":"auto","background-attachment":"scroll","background-type":"","background-media":"","overlay-type":"","overlay-color":"","overlay-opacity":"","overlay-gradient":""},"tablet":{"background-color":"","background-image":"","background-repeat":"repeat","background-position":"center center","background-size":"auto","background-attachment":"scroll","background-type":"","background-media":"","overlay-type":"","overlay-color":"","overlay-opacity":"","overlay-gradient":""},"mobile":{"background-color":"","background-image":"","background-repeat":"repeat","background-position":"center center","background-size":"auto","background-attachment":"scroll","background-type":"","background-media":"","overlay-type":"","overlay-color":"","overlay-opacity":"","overlay-gradient":""}},"ast-content-background-meta":{"desktop":{"background-color":"var(--ast-global-color-5)","background-image":"","background-repeat":"repeat","background-position":"center center","background-size":"auto","background-attachment":"scroll","background-type":"","background-media":"","overlay-type":"","overlay-color":"","overlay-opacity":"","overlay-gradient":""},"tablet":{"background-color":"var(--ast-global-color-5)","background-image":"","background-repeat":"repeat","background-position":"center center","background-size":"auto","background-attachment":"scroll","background-type":"","background-media":"","overlay-type":"","overlay-color":"","overlay-opacity":"","overlay-gradient":""},"mobile":{"background-color":"var(--ast-global-color-5)","background-image":"","background-repeat":"repeat","background-position":"center center","background-size":"auto","background-attachment":"scroll","background-type":"","background-media":"","overlay-type":"","overlay-color":"","overlay-opacity":"","overlay-gradient":""}},"footnotes":""},"class_list":["post-9496","page","type-page","status-publish","hentry"],"_links":{"self":[{"href":"https:\/\/frauenschuh-projectconsulting.com\/de\/wp-json\/wp\/v2\/pages\/9496","targetHints":{"allow":["GET"]}}],"collection":[{"href":"https:\/\/frauenschuh-projectconsulting.com\/de\/wp-json\/wp\/v2\/pages"}],"about":[{"href":"https:\/\/frauenschuh-projectconsulting.com\/de\/wp-json\/wp\/v2\/types\/page"}],"author":[{"embeddable":true,"href":"https:\/\/frauenschuh-projectconsulting.com\/de\/wp-json\/wp\/v2\/users\/1"}],"replies":[{"embeddable":true,"href":"https:\/\/frauenschuh-projectconsulting.com\/de\/wp-json\/wp\/v2\/comments?post=9496"}],"version-history":[{"count":0,"href":"https:\/\/frauenschuh-projectconsulting.com\/de\/wp-json\/wp\/v2\/pages\/9496\/revisions"}],"wp:attachment":[{"href":"https:\/\/frauenschuh-projectconsulting.com\/de\/wp-json\/wp\/v2\/media?parent=9496"}],"curies":[{"name":"wp","href":"https:\/\/api.w.org\/{rel}","templated":true}]}}